{"id":10242,"date":"2026-05-13T12:57:22","date_gmt":"2026-05-13T10:57:22","guid":{"rendered":"https:\/\/clone.ims.si\/izdelek\/3055d-hr-2\/"},"modified":"2026-05-13T15:59:41","modified_gmt":"2026-05-13T13:59:41","slug":"3055d-hr-2","status":"publish","type":"product","link":"https:\/\/clone.ims.si\/hr\/izdelek\/3055d-hr-2\/","title":{"rendered":"3055D"},"content":{"rendered":"<ul>\n<li><strong>Tip\/Tehnologija:<\/strong> Piezoelektri\u010dni CCLD (IEPE) akcelerometar<\/li>\n<li><strong>Mjerno podru\u010dje:<\/strong> 100 m\/s\u00b2 (vrijednost iz vlasni\u010dke\/sheet kopije; izvor HBK navodi obitelj varijanti 10 do 500 g, a PDF izvadak 500 g pk)<\/li>\n<li><strong>Osjetljivost:<\/strong> 500 mV\/g (vrijednost iz vlasni\u010dke\/sheet kopije; HBK navodi obiteljski raspon 10 do 500 mV\/g)<\/li>\n<li><strong>Smjer\/Osi:<\/strong> jednoosni<\/li>\n<li><strong>Primjena:<\/strong> kontrola \u0161ejkera, modalna analiza, op\u0107i monitoring vibracija<\/li>\n<li><strong>Frekvencijski odziv:<\/strong> 1 do 5000 Hz prema HBK\/sheet kopiji; PDF izvadak navodi 1 do 10000 Hz<\/li>\n<li><strong>Temperatura:<\/strong> -55 do +160 \u00b0C (obitelj\/varijante; standardne varijante do +105 \u00b0C)<\/li>\n<li><strong>Monta\u017ea:<\/strong> monta\u017ea vijkom \/ navojna monta\u017ea<\/li>\n<li><strong>Te\u017eina:<\/strong> 10 g<\/li>\n<\/ul>\n<p><a href=\"https:\/\/clone.ims.si\/wp-content\/uploads\/2026\/05\/Dytran-3055D-cli-specimen.pdf\">Tehni\u010dki PDF<\/a><\/p>\n","protected":false},"excerpt":{"rendered":"<p><strong>Proizvo\u0111a\u010d:<\/strong> Dytran<\/p>\n<p>Serija akcelerometara Dytran 3055 predstavlja jednoosni IEPE piezoelektri\u010dni akcelerometar sa \u0161irokim frekvencijskim pojasom koji se koristi za modalnu analizu, kontrolu \u0161ejkera te op\u0107i monitoring vibracija.<\/p>\n","protected":false},"featured_media":10238,"template":"","meta":{"content-type":""},"product_brand":[],"product_cat":[162,1388,1390,1389,136],"product_tag":[1391],"class_list":{"0":"post-10242","1":"product","2":"type-product","3":"status-publish","4":"has-post-thumbnail","6":"product_cat-akcelerometri","7":"product_cat-industrija-hr","8":"product_cat-konstrukcije-srednje-velicine","9":"product_cat-kontrola-sejkera","10":"product_cat-pretvaraci","11":"product_tag-dytran-hr","13":"first","14":"instock","15":"shipping-taxable","16":"product-type-simple"},"_links":{"self":[{"href":"https:\/\/clone.ims.si\/hr\/wp-json\/wp\/v2\/product\/10242","targetHints":{"allow":["GET"]}}],"collection":[{"href":"https:\/\/clone.ims.si\/hr\/wp-json\/wp\/v2\/product"}],"about":[{"href":"https:\/\/clone.ims.si\/hr\/wp-json\/wp\/v2\/types\/product"}],"version-history":[{"count":1,"href":"https:\/\/clone.ims.si\/hr\/wp-json\/wp\/v2\/product\/10242\/revisions"}],"predecessor-version":[{"id":10245,"href":"https:\/\/clone.ims.si\/hr\/wp-json\/wp\/v2\/product\/10242\/revisions\/10245"}],"wp:featuredmedia":[{"embeddable":true,"href":"https:\/\/clone.ims.si\/hr\/wp-json\/wp\/v2\/media\/10238"}],"wp:attachment":[{"href":"https:\/\/clone.ims.si\/hr\/wp-json\/wp\/v2\/media?parent=10242"}],"wp:term":[{"taxonomy":"product_brand","embeddable":true,"href":"https:\/\/clone.ims.si\/hr\/wp-json\/wp\/v2\/product_brand?post=10242"},{"taxonomy":"product_cat","embeddable":true,"href":"https:\/\/clone.ims.si\/hr\/wp-json\/wp\/v2\/product_cat?post=10242"},{"taxonomy":"product_tag","embeddable":true,"href":"https:\/\/clone.ims.si\/hr\/wp-json\/wp\/v2\/product_tag?post=10242"}],"curies":[{"name":"wp","href":"https:\/\/api.w.org\/{rel}","templated":true}]}}